{"id":1710,"date":"2026-03-11T10:08:23","date_gmt":"2026-03-11T09:08:23","guid":{"rendered":"https:\/\/lotterwise.com\/?page_id=1710"},"modified":"2026-03-11T11:29:56","modified_gmt":"2026-03-11T10:29:56","slug":"produits","status":"publish","type":"page","link":"https:\/\/lotterwise.com\/index.php\/produits\/","title":{"rendered":"Nos Produits"},"content":{"rendered":"\t\t<div data-elementor-type=\"wp-page\" data-elementor-id=\"1710\" class=\"elementor elementor-1710\">\n\t\t\t\t<div class=\"elementor-element elementor-element-ef1d55f e-con-full e-flex e-con e-parent\" data-id=\"ef1d55f\" data-element_type=\"container\" data-e-type=\"container\">\n\t\t<div class=\"elementor-element elementor-element-d2d41b4 e-con-full e-flex e-con e-child\" data-id=\"d2d41b4\" data-element_type=\"container\" data-e-type=\"container\" data-settings=\"{&quot;background_background&quot;:&quot;classic&quot;}\">\n\t\t\t\t<div class=\"elementor-element elementor-element-8ef8ef8 elementor-widget elementor-widget-spacer\" data-id=\"8ef8ef8\" data-element_type=\"widget\" data-e-type=\"widget\" data-widget_type=\"spacer.default\">\n\t\t\t\t<div class=\"elementor-widget-container\">\n\t\t\t\t\t\t\t<div class=\"elementor-spacer\">\n\t\t\t<div class=\"elementor-spacer-inner\"><\/div>\n\t\t<\/div>\n\t\t\t\t\t\t<\/div>\n\t\t\t\t<\/div>\n\t\t\t\t<div class=\"elementor-element elementor-element-f7f3648 elementor-widget elementor-widget-heading\" data-id=\"f7f3648\" data-element_type=\"widget\" data-e-type=\"widget\" data-widget_type=\"heading.default\">\n\t\t\t\t<div class=\"elementor-widget-container\">\n\t\t\t\t\t<h1 class=\"elementor-heading-title elementor-size-default\">Nos Produits<\/h1>\t\t\t\t<\/div>\n\t\t\t\t<\/div>\n\t\t\t\t<div class=\"elementor-element elementor-element-d2fd7b4 elementor-widget elementor-widget-text-editor\" data-id=\"d2fd7b4\" data-element_type=\"widget\" data-e-type=\"widget\" data-widget_type=\"text-editor.default\">\n\t\t\t\t<div class=\"elementor-widget-container\">\n\t\t\t\t\t\t\t\t\t<p>Des outils intelligents, con\u00e7us pour le monde r\u00e9el.<\/p>\t\t\t\t\t\t\t\t<\/div>\n\t\t\t\t<\/div>\n\t\t\t\t<div class=\"elementor-element elementor-element-344f2e6 elementor-widget elementor-widget-image\" data-id=\"344f2e6\" data-element_type=\"widget\" data-e-type=\"widget\" data-widget_type=\"image.default\">\n\t\t\t\t<div class=\"elementor-widget-container\">\n\t\t\t\t\t\t\t\t\t\t\t\t\t\t\t<img fetchpriority=\"high\" decoding=\"async\" width=\"800\" height=\"533\" src=\"https:\/\/lotterwise.com\/wp-content\/uploads\/2025\/02\/wave-1024x682.png\" class=\"attachment-large size-large wp-image-745\" alt=\"\" srcset=\"https:\/\/lotterwise.com\/wp-content\/uploads\/2025\/02\/wave-1024x682.png 1024w, https:\/\/lotterwise.com\/wp-content\/uploads\/2025\/02\/wave-300x200.png 300w, https:\/\/lotterwise.com\/wp-content\/uploads\/2025\/02\/wave-768x512.png 768w, https:\/\/lotterwise.com\/wp-content\/uploads\/2025\/02\/wave-1536x1024.png 1536w, https:\/\/lotterwise.com\/wp-content\/uploads\/2025\/02\/wave-2048x1365.png 2048w\" sizes=\"(max-width: 800px) 100vw, 800px\" \/>\t\t\t\t\t\t\t\t\t\t\t\t\t\t\t<\/div>\n\t\t\t\t<\/div>\n\t\t\t\t<\/div>\n\t\t\t\t<div class=\"elementor-element elementor-element-b3c47cc elementor-widget elementor-widget-text-editor\" data-id=\"b3c47cc\" data-element_type=\"widget\" data-e-type=\"widget\" data-widget_type=\"text-editor.default\">\n\t\t\t\t<div class=\"elementor-widget-container\">\n\t\t\t\t\t\t\t\t\t<p>Nous d\u00e9veloppons des outils simples et efficaces pour r\u00e9soudre des probl\u00e8mes concrets.<br data-start=\"1322\" data-end=\"1325\" \/>Certains sont issus de nos projets clients, d\u2019autres de besoins que nous rencontrons au quotidien en tant que d\u00e9veloppeurs et entrepreneurs.<\/p>\t\t\t\t\t\t\t\t<\/div>\n\t\t\t\t<\/div>\n\t\t\t\t<div class=\"elementor-element elementor-element-b5e7f4b elementor-widget elementor-widget-spacer\" data-id=\"b5e7f4b\" data-element_type=\"widget\" data-e-type=\"widget\" data-widget_type=\"spacer.default\">\n\t\t\t\t<div class=\"elementor-widget-container\">\n\t\t\t\t\t\t\t<div class=\"elementor-spacer\">\n\t\t\t<div class=\"elementor-spacer-inner\"><\/div>\n\t\t<\/div>\n\t\t\t\t\t\t<\/div>\n\t\t\t\t<\/div>\n\t\t<div class=\"elementor-element elementor-element-86532fc e-flex e-con-boxed e-con e-child\" data-id=\"86532fc\" data-element_type=\"container\" data-e-type=\"container\">\n\t\t\t\t\t<div class=\"e-con-inner\">\n\t\t\t\t<div class=\"elementor-element elementor-element-ffbd98a elementor-widget elementor-widget-heading\" data-id=\"ffbd98a\" data-element_type=\"widget\" data-e-type=\"widget\" data-widget_type=\"heading.default\">\n\t\t\t\t<div class=\"elementor-widget-container\">\n\t\t\t\t\t<h2 class=\"elementor-heading-title elementor-size-default\">Lotterwise \u2014 Ma Tr\u00e9sorerie<\/h2>\t\t\t\t<\/div>\n\t\t\t\t<\/div>\n\t\t\t\t<div class=\"elementor-element elementor-element-081c6d7 elementor-widget elementor-widget-text-editor\" data-id=\"081c6d7\" data-element_type=\"widget\" data-e-type=\"widget\" data-widget_type=\"text-editor.default\">\n\t\t\t\t<div class=\"elementor-widget-container\">\n\t\t\t\t\t\t\t\t\t<p>Le plugin WordPress qui aide les ind\u00e9pendants \u00e0 comprendre combien d\u2019argent ils peuvent r\u00e9ellement utiliser.<\/p>\t\t\t\t\t\t\t\t<\/div>\n\t\t\t\t<\/div>\n\t\t\t\t<div class=\"elementor-element elementor-element-323ef6a elementor-widget elementor-widget-image\" data-id=\"323ef6a\" data-element_type=\"widget\" data-e-type=\"widget\" data-widget_type=\"image.default\">\n\t\t\t\t<div class=\"elementor-widget-container\">\n\t\t\t\t\t\t\t\t\t\t\t\t\t\t\t<img decoding=\"async\" width=\"800\" height=\"468\" src=\"https:\/\/lotterwise.com\/wp-content\/uploads\/2026\/03\/CaptureTresorerie-1024x599.png\" class=\"attachment-large size-large wp-image-1717\" alt=\"Tableau de bord du plugin WordPress Lotterwise Ma Tr\u00e9sorerie\" srcset=\"https:\/\/lotterwise.com\/wp-content\/uploads\/2026\/03\/CaptureTresorerie-1024x599.png 1024w, https:\/\/lotterwise.com\/wp-content\/uploads\/2026\/03\/CaptureTresorerie-300x175.png 300w, https:\/\/lotterwise.com\/wp-content\/uploads\/2026\/03\/CaptureTresorerie-768x449.png 768w, https:\/\/lotterwise.com\/wp-content\/uploads\/2026\/03\/CaptureTresorerie.png 1500w\" sizes=\"(max-width: 800px) 100vw, 800px\" \/>\t\t\t\t\t\t\t\t\t\t\t\t\t\t\t<\/div>\n\t\t\t\t<\/div>\n\t\t\t\t<div class=\"elementor-element elementor-element-3f7dd26 elementor-widget elementor-widget-heading\" data-id=\"3f7dd26\" data-element_type=\"widget\" data-e-type=\"widget\" data-widget_type=\"heading.default\">\n\t\t\t\t<div class=\"elementor-widget-container\">\n\t\t\t\t\t<h3 class=\"elementor-heading-title elementor-size-default\">Pr\u00e9sentation<\/h3>\t\t\t\t<\/div>\n\t\t\t\t<\/div>\n\t\t\t\t<div class=\"elementor-element elementor-element-660ab4d elementor-widget elementor-widget-text-editor\" data-id=\"660ab4d\" data-element_type=\"widget\" data-e-type=\"widget\" data-widget_type=\"text-editor.default\">\n\t\t\t\t<div class=\"elementor-widget-container\">\n\t\t\t\t\t\t\t\t\t<p data-start=\"656\" data-end=\"893\">Lorsqu\u2019on est freelance ou entrepreneur, l\u2019argent qui arrive sur son compte n\u2019est jamais enti\u00e8rement disponible.<br data-start=\"768\" data-end=\"771\" \/>Entre les charges sociales, les imp\u00f4ts ou la TVA, il est souvent difficile de savoir ce que l\u2019on peut r\u00e9ellement d\u00e9penser.<\/p><p data-start=\"895\" data-end=\"1064\"><strong data-start=\"895\" data-end=\"925\">Lotterwise \u2014 Ma Tr\u00e9sorerie<\/strong> est un plugin WordPress con\u00e7u pour apporter une r\u00e9ponse simple \u00e0 ce probl\u00e8me :<br data-start=\"1004\" data-end=\"1007\" \/>vous donner une vision claire de votre tr\u00e9sorerie r\u00e9elle.<\/p><p data-start=\"1066\" data-end=\"1244\">Le plugin analyse vos revenus et estime automatiquement les montants \u00e0 r\u00e9server pour les charges et les taxes, afin de vous indiquer combien d\u2019argent reste r\u00e9ellement utilisable.<\/p>\t\t\t\t\t\t\t\t<\/div>\n\t\t\t\t<\/div>\n\t\t\t\t<div class=\"elementor-element elementor-element-0383e4a elementor-widget elementor-widget-heading\" data-id=\"0383e4a\" data-element_type=\"widget\" data-e-type=\"widget\" data-widget_type=\"heading.default\">\n\t\t\t\t<div class=\"elementor-widget-container\">\n\t\t\t\t\t<h3 class=\"elementor-heading-title elementor-size-default\">Fonctionnalit\u00e9s<\/h3>\t\t\t\t<\/div>\n\t\t\t\t<\/div>\n\t\t\t\t<div class=\"elementor-element elementor-element-b7241f2 elementor-widget elementor-widget-text-editor\" data-id=\"b7241f2\" data-element_type=\"widget\" data-e-type=\"widget\" data-widget_type=\"text-editor.default\">\n\t\t\t\t<div class=\"elementor-widget-container\">\n\t\t\t\t\t\t\t\t\t<p data-section-id=\"1i2z7aq\" data-start=\"1270\" data-end=\"1301\"><strong>Calcul de tr\u00e9sorerie r\u00e9elle<\/strong><\/p><p data-start=\"1302\" data-end=\"1414\">Visualisez imm\u00e9diatement combien d\u2019argent vous pouvez r\u00e9ellement utiliser apr\u00e8s estimation des charges et taxes.<\/p><p data-section-id=\"tbnrgm\" data-start=\"1416\" data-end=\"1442\"><strong>Estimation des charges<\/strong><\/p><p data-start=\"1443\" data-end=\"1574\">Configurez vos param\u00e8tres fiscaux (TVA, charges sociales, imp\u00f4t estim\u00e9) pour obtenir une estimation coh\u00e9rente avec votre situation.<\/p><p data-section-id=\"k04cn7\" data-start=\"1576\" data-end=\"1601\"><strong>Tableau de bord clair<\/strong><\/p><p data-start=\"1602\" data-end=\"1635\">Un dashboard simple qui affiche :<\/p><ul data-start=\"1637\" data-end=\"1710\"><li data-section-id=\"10kigvj\" data-start=\"1637\" data-end=\"1647\"><p data-start=\"1639\" data-end=\"1647\">recettes<\/p><\/li><li data-section-id=\"a45w2j\" data-start=\"1648\" data-end=\"1658\"><p data-start=\"1650\" data-end=\"1658\">d\u00e9penses<\/p><\/li><li data-section-id=\"1dxuaju\" data-start=\"1659\" data-end=\"1675\"><p data-start=\"1661\" data-end=\"1675\">taxes estim\u00e9es<\/p><\/li><li data-section-id=\"1d91meu\" data-start=\"1676\" data-end=\"1710\"><p data-start=\"1678\" data-end=\"1710\">tr\u00e9sorerie r\u00e9ellement disponible<\/p><\/li><\/ul><p data-section-id=\"1yj6x3h\" data-start=\"1712\" data-end=\"1735\"><strong>Suivi de tr\u00e9sorerie<\/strong><\/p><p data-start=\"1736\" data-end=\"1835\">Visualisez l\u2019\u00e9volution de votre tr\u00e9sorerie au fil du temps avec des graphiques simples et lisibles.<\/p><p data-section-id=\"19o1h5q\" data-start=\"1837\" data-end=\"1864\"><strong>Adapt\u00e9 aux ind\u00e9pendants<\/strong><\/p><p data-start=\"1865\" data-end=\"2013\">Pens\u00e9 pour les freelances, entrepreneurs et professions lib\u00e9rales qui ont besoin d\u2019une vision rapide et compr\u00e9hensible de leur situation financi\u00e8re.<\/p>\t\t\t\t\t\t\t\t<\/div>\n\t\t\t\t<\/div>\n\t\t\t\t<div class=\"elementor-element elementor-element-d496224 elementor-align-center elementor-widget elementor-widget-button\" data-id=\"d496224\" data-element_type=\"widget\" data-e-type=\"widget\" data-widget_type=\"button.default\">\n\t\t\t\t<div class=\"elementor-widget-container\">\n\t\t\t\t\t\t\t\t\t<div class=\"elementor-button-wrapper\">\n\t\t\t\t\t<a class=\"elementor-button elementor-button-link elementor-size-sm\" href=\"https:\/\/lotterwise.com\/wp-content\/uploads\/2026\/03\/lotterwise-matresorerie-1.0.0.zip\">\n\t\t\t\t\t\t<span class=\"elementor-button-content-wrapper\">\n\t\t\t\t\t\t\t\t\t<span class=\"elementor-button-text\">T\u00e9l\u00e9charger le plugin<\/span>\n\t\t\t\t\t<\/span>\n\t\t\t\t\t<\/a>\n\t\t\t\t<\/div>\n\t\t\t\t\t\t\t\t<\/div>\n\t\t\t\t<\/div>\n\t\t\t\t<div class=\"elementor-element elementor-element-1e8dedd elementor-widget elementor-widget-spacer\" data-id=\"1e8dedd\" data-element_type=\"widget\" data-e-type=\"widget\" data-widget_type=\"spacer.default\">\n\t\t\t\t<div class=\"elementor-widget-container\">\n\t\t\t\t\t\t\t<div class=\"elementor-spacer\">\n\t\t\t<div class=\"elementor-spacer-inner\"><\/div>\n\t\t<\/div>\n\t\t\t\t\t\t<\/div>\n\t\t\t\t<\/div>\n\t\t\t\t\t<\/div>\n\t\t\t\t<\/div>\n\t\t\t\t<\/div>\n\t\t\t\t<\/div>\n\t\t","protected":false},"excerpt":{"rendered":"<p>Nos Produits Des outils intelligents, con\u00e7us pour le monde r\u00e9el. Nous d\u00e9veloppons des outils simples et efficaces pour r\u00e9soudre des probl\u00e8mes concrets.Certains sont issus de nos projets clients, d\u2019autres de besoins que nous rencontrons au quotidien en tant que d\u00e9veloppeurs et entrepreneurs. Lotterwise \u2014 Ma Tr\u00e9sorerie Le plugin WordPress qui aide les ind\u00e9pendants \u00e0 comprendre [&hellip;]<\/p>\n","protected":false},"author":1,"featured_media":0,"parent":0,"menu_order":0,"comment_status":"closed","ping_status":"closed","template":"","meta":{"footnotes":""},"class_list":["post-1710","page","type-page","status-publish","hentry"],"yoast_head":"<!-- This site is optimized with the Yoast SEO plugin v27.1.1 - https:\/\/yoast.com\/product\/yoast-seo-wordpress\/ -->\n<title>Nos Produits - Lotterwise<\/title>\n<meta name=\"description\" content=\"Nous d\u00e9veloppons des outils simples et efficaces pour r\u00e9soudre des probl\u00e8mes concrets.Certains sont issus de nos projets clients, d\u2019autres de besoins que nous rencontrons au quotidien en tant que d\u00e9veloppeurs et entrepreneurs.\" \/>\n<meta name=\"robots\" content=\"index, follow, max-snippet:-1, max-image-preview:large, max-video-preview:-1\" \/>\n<link rel=\"canonical\" href=\"https:\/\/lotterwise.com\/index.php\/produits\/\" \/>\n<meta property=\"og:locale\" content=\"fr_FR\" \/>\n<meta property=\"og:type\" content=\"article\" \/>\n<meta property=\"og:title\" content=\"Nos Produits - Lotterwise\" \/>\n<meta property=\"og:description\" content=\"Nous d\u00e9veloppons des outils simples et efficaces pour r\u00e9soudre des probl\u00e8mes concrets.Certains sont issus de nos projets clients, d\u2019autres de besoins que nous rencontrons au quotidien en tant que d\u00e9veloppeurs et entrepreneurs.\" \/>\n<meta property=\"og:url\" content=\"https:\/\/lotterwise.com\/index.php\/produits\/\" \/>\n<meta property=\"og:site_name\" content=\"Lotterwise\" \/>\n<meta property=\"article:modified_time\" content=\"2026-03-11T10:29:56+00:00\" \/>\n<meta property=\"og:image\" content=\"https:\/\/lotterwise.com\/wp-content\/uploads\/2025\/02\/wave.png\" \/>\n\t<meta property=\"og:image:width\" content=\"8000\" \/>\n\t<meta property=\"og:image:height\" content=\"5331\" \/>\n\t<meta property=\"og:image:type\" content=\"image\/png\" \/>\n<meta name=\"twitter:card\" content=\"summary_large_image\" \/>\n<meta name=\"twitter:label1\" content=\"Dur\u00e9e de lecture estim\u00e9e\" \/>\n\t<meta name=\"twitter:data1\" content=\"2 minutes\" \/>\n<script type=\"application\/ld+json\" class=\"yoast-schema-graph\">{\"@context\":\"https:\/\/schema.org\",\"@graph\":[{\"@type\":\"WebPage\",\"@id\":\"https:\/\/lotterwise.com\/index.php\/produits\/\",\"url\":\"https:\/\/lotterwise.com\/index.php\/produits\/\",\"name\":\"Nos Produits - Lotterwise\",\"isPartOf\":{\"@id\":\"https:\/\/lotterwise.com\/#website\"},\"primaryImageOfPage\":{\"@id\":\"https:\/\/lotterwise.com\/index.php\/produits\/#primaryimage\"},\"image\":{\"@id\":\"https:\/\/lotterwise.com\/index.php\/produits\/#primaryimage\"},\"thumbnailUrl\":\"https:\/\/lotterwise.com\/wp-content\/uploads\/2025\/02\/wave-1024x682.png\",\"datePublished\":\"2026-03-11T09:08:23+00:00\",\"dateModified\":\"2026-03-11T10:29:56+00:00\",\"description\":\"Nous d\u00e9veloppons des outils simples et efficaces pour r\u00e9soudre des probl\u00e8mes concrets.Certains sont issus de nos projets clients, d\u2019autres de besoins que nous rencontrons au quotidien en tant que d\u00e9veloppeurs et entrepreneurs.\",\"breadcrumb\":{\"@id\":\"https:\/\/lotterwise.com\/index.php\/produits\/#breadcrumb\"},\"inLanguage\":\"fr-FR\",\"potentialAction\":[{\"@type\":\"ReadAction\",\"target\":[\"https:\/\/lotterwise.com\/index.php\/produits\/\"]}]},{\"@type\":\"ImageObject\",\"inLanguage\":\"fr-FR\",\"@id\":\"https:\/\/lotterwise.com\/index.php\/produits\/#primaryimage\",\"url\":\"https:\/\/lotterwise.com\/wp-content\/uploads\/2025\/02\/wave.png\",\"contentUrl\":\"https:\/\/lotterwise.com\/wp-content\/uploads\/2025\/02\/wave.png\",\"width\":8000,\"height\":5331},{\"@type\":\"BreadcrumbList\",\"@id\":\"https:\/\/lotterwise.com\/index.php\/produits\/#breadcrumb\",\"itemListElement\":[{\"@type\":\"ListItem\",\"position\":1,\"name\":\"Accueil\",\"item\":\"https:\/\/lotterwise.com\/\"},{\"@type\":\"ListItem\",\"position\":2,\"name\":\"Nos Produits\"}]},{\"@type\":\"WebSite\",\"@id\":\"https:\/\/lotterwise.com\/#website\",\"url\":\"https:\/\/lotterwise.com\/\",\"name\":\"Lotterwise\",\"description\":\"Smart solutions, otterly wise.\",\"publisher\":{\"@id\":\"https:\/\/lotterwise.com\/#organization\"},\"potentialAction\":[{\"@type\":\"SearchAction\",\"target\":{\"@type\":\"EntryPoint\",\"urlTemplate\":\"https:\/\/lotterwise.com\/?s={search_term_string}\"},\"query-input\":{\"@type\":\"PropertyValueSpecification\",\"valueRequired\":true,\"valueName\":\"search_term_string\"}}],\"inLanguage\":\"fr-FR\"},{\"@type\":\"Organization\",\"@id\":\"https:\/\/lotterwise.com\/#organization\",\"name\":\"Lotterwise\",\"url\":\"https:\/\/lotterwise.com\/\",\"logo\":{\"@type\":\"ImageObject\",\"inLanguage\":\"fr-FR\",\"@id\":\"https:\/\/lotterwise.com\/#\/schema\/logo\/image\/\",\"url\":\"https:\/\/lotterwise.com\/wp-content\/uploads\/2025\/02\/cropped-logo-no-text.png\",\"contentUrl\":\"https:\/\/lotterwise.com\/wp-content\/uploads\/2025\/02\/cropped-logo-no-text.png\",\"width\":512,\"height\":512,\"caption\":\"Lotterwise\"},\"image\":{\"@id\":\"https:\/\/lotterwise.com\/#\/schema\/logo\/image\/\"}}]}<\/script>\n<!-- \/ Yoast SEO plugin. -->","yoast_head_json":{"title":"Nos Produits - Lotterwise","description":"Nous d\u00e9veloppons des outils simples et efficaces pour r\u00e9soudre des probl\u00e8mes concrets.Certains sont issus de nos projets clients, d\u2019autres de besoins que nous rencontrons au quotidien en tant que d\u00e9veloppeurs et entrepreneurs.","robots":{"index":"index","follow":"follow","max-snippet":"max-snippet:-1","max-image-preview":"max-image-preview:large","max-video-preview":"max-video-preview:-1"},"canonical":"https:\/\/lotterwise.com\/index.php\/produits\/","og_locale":"fr_FR","og_type":"article","og_title":"Nos Produits - Lotterwise","og_description":"Nous d\u00e9veloppons des outils simples et efficaces pour r\u00e9soudre des probl\u00e8mes concrets.Certains sont issus de nos projets clients, d\u2019autres de besoins que nous rencontrons au quotidien en tant que d\u00e9veloppeurs et entrepreneurs.","og_url":"https:\/\/lotterwise.com\/index.php\/produits\/","og_site_name":"Lotterwise","article_modified_time":"2026-03-11T10:29:56+00:00","og_image":[{"width":8000,"height":5331,"url":"https:\/\/lotterwise.com\/wp-content\/uploads\/2025\/02\/wave.png","type":"image\/png"}],"twitter_card":"summary_large_image","twitter_misc":{"Dur\u00e9e de lecture estim\u00e9e":"2 minutes"},"schema":{"@context":"https:\/\/schema.org","@graph":[{"@type":"WebPage","@id":"https:\/\/lotterwise.com\/index.php\/produits\/","url":"https:\/\/lotterwise.com\/index.php\/produits\/","name":"Nos Produits - Lotterwise","isPartOf":{"@id":"https:\/\/lotterwise.com\/#website"},"primaryImageOfPage":{"@id":"https:\/\/lotterwise.com\/index.php\/produits\/#primaryimage"},"image":{"@id":"https:\/\/lotterwise.com\/index.php\/produits\/#primaryimage"},"thumbnailUrl":"https:\/\/lotterwise.com\/wp-content\/uploads\/2025\/02\/wave-1024x682.png","datePublished":"2026-03-11T09:08:23+00:00","dateModified":"2026-03-11T10:29:56+00:00","description":"Nous d\u00e9veloppons des outils simples et efficaces pour r\u00e9soudre des probl\u00e8mes concrets.Certains sont issus de nos projets clients, d\u2019autres de besoins que nous rencontrons au quotidien en tant que d\u00e9veloppeurs et entrepreneurs.","breadcrumb":{"@id":"https:\/\/lotterwise.com\/index.php\/produits\/#breadcrumb"},"inLanguage":"fr-FR","potentialAction":[{"@type":"ReadAction","target":["https:\/\/lotterwise.com\/index.php\/produits\/"]}]},{"@type":"ImageObject","inLanguage":"fr-FR","@id":"https:\/\/lotterwise.com\/index.php\/produits\/#primaryimage","url":"https:\/\/lotterwise.com\/wp-content\/uploads\/2025\/02\/wave.png","contentUrl":"https:\/\/lotterwise.com\/wp-content\/uploads\/2025\/02\/wave.png","width":8000,"height":5331},{"@type":"BreadcrumbList","@id":"https:\/\/lotterwise.com\/index.php\/produits\/#breadcrumb","itemListElement":[{"@type":"ListItem","position":1,"name":"Accueil","item":"https:\/\/lotterwise.com\/"},{"@type":"ListItem","position":2,"name":"Nos Produits"}]},{"@type":"WebSite","@id":"https:\/\/lotterwise.com\/#website","url":"https:\/\/lotterwise.com\/","name":"Lotterwise","description":"Smart solutions, otterly wise.","publisher":{"@id":"https:\/\/lotterwise.com\/#organization"},"potentialAction":[{"@type":"SearchAction","target":{"@type":"EntryPoint","urlTemplate":"https:\/\/lotterwise.com\/?s={search_term_string}"},"query-input":{"@type":"PropertyValueSpecification","valueRequired":true,"valueName":"search_term_string"}}],"inLanguage":"fr-FR"},{"@type":"Organization","@id":"https:\/\/lotterwise.com\/#organization","name":"Lotterwise","url":"https:\/\/lotterwise.com\/","logo":{"@type":"ImageObject","inLanguage":"fr-FR","@id":"https:\/\/lotterwise.com\/#\/schema\/logo\/image\/","url":"https:\/\/lotterwise.com\/wp-content\/uploads\/2025\/02\/cropped-logo-no-text.png","contentUrl":"https:\/\/lotterwise.com\/wp-content\/uploads\/2025\/02\/cropped-logo-no-text.png","width":512,"height":512,"caption":"Lotterwise"},"image":{"@id":"https:\/\/lotterwise.com\/#\/schema\/logo\/image\/"}}]}},"_links":{"self":[{"href":"https:\/\/lotterwise.com\/index.php\/wp-json\/wp\/v2\/pages\/1710","targetHints":{"allow":["GET"]}}],"collection":[{"href":"https:\/\/lotterwise.com\/index.php\/wp-json\/wp\/v2\/pages"}],"about":[{"href":"https:\/\/lotterwise.com\/index.php\/wp-json\/wp\/v2\/types\/page"}],"author":[{"embeddable":true,"href":"https:\/\/lotterwise.com\/index.php\/wp-json\/wp\/v2\/users\/1"}],"replies":[{"embeddable":true,"href":"https:\/\/lotterwise.com\/index.php\/wp-json\/wp\/v2\/comments?post=1710"}],"version-history":[{"count":20,"href":"https:\/\/lotterwise.com\/index.php\/wp-json\/wp\/v2\/pages\/1710\/revisions"}],"predecessor-version":[{"id":1763,"href":"https:\/\/lotterwise.com\/index.php\/wp-json\/wp\/v2\/pages\/1710\/revisions\/1763"}],"wp:attachment":[{"href":"https:\/\/lotterwise.com\/index.php\/wp-json\/wp\/v2\/media?parent=1710"}],"curies":[{"name":"wp","href":"https:\/\/api.w.org\/{rel}","templated":true}]}}